{"id":164,"date":"2024-10-23T14:38:33","date_gmt":"2024-10-23T14:38:33","guid":{"rendered":"https:\/\/boldesibol.com\/?page_id=164"},"modified":"2024-10-23T14:38:33","modified_gmt":"2024-10-23T14:38:33","slug":"sobre","status":"publish","type":"page","link":"https:\/\/boldesibol.com\/?page_id=164","title":{"rendered":"Sobre"},"content":{"rendered":"<p>Se voc\u00ea tiver alguma d\u00favida sobre o Site, Publicidade e qualquer outro assunto, n\u00e3o hesite em nos contatar, estamos ansiosos para respond\u00ea-lo em nossa p\u00e1gina de contato, trabalhamos 24 horas neste campo e temos experi\u00eancia suficiente para fornecer enviar para <strong>BomdaArte.com<\/strong><\/p>\n","protected":false},"excerpt":{"rendered":"<p>Se voc\u00ea tiver alguma d\u00favida sobre o Site, Publicidade e qualquer outro assunto, n\u00e3o hesite em nos contatar, estamos ansiosos para respond\u00ea-lo em nossa p\u00e1gina de contato, trabalhamos 24 horas neste campo e temos experi\u00eancia suficiente para fornecer enviar para BomdaArte.com<\/p>\n","protected":false},"author":1,"featured_media":0,"parent":0,"menu_order":0,"comment_status":"closed","ping_status":"closed","template":"","meta":{"footnotes":""},"class_list":["post-164","page","type-page","status-publish","hentry"],"yoast_head":"<!-- This site is optimized with the Yoast SEO plugin v27.3 - https:\/\/yoast.com\/product\/yoast-seo-wordpress\/ -->\n<title>Sobre - Bom da Arte<\/title>\n<meta name=\"robots\" content=\"index, follow, max-snippet:-1, max-image-preview:large, max-video-preview:-1\" \/>\n<link rel=\"canonical\" href=\"https:\/\/boldesibol.com\/?page_id=164\" \/>\n<meta property=\"og:locale\" content=\"pt_BR\" \/>\n<meta property=\"og:type\" content=\"article\" \/>\n<meta property=\"og:title\" content=\"Sobre - Bom da Arte\" \/>\n<meta property=\"og:description\" content=\"Se voc\u00ea tiver alguma d\u00favida sobre o Site, Publicidade e qualquer outro assunto, n\u00e3o hesite em nos contatar, estamos ansiosos para respond\u00ea-lo em nossa p\u00e1gina de contato, trabalhamos 24 horas neste campo e temos experi\u00eancia suficiente para fornecer enviar para BomdaArte.com\" \/>\n<meta property=\"og:url\" content=\"https:\/\/boldesibol.com\/?page_id=164\" \/>\n<meta property=\"og:site_name\" content=\"Bom da Arte\" \/>\n<meta name=\"twitter:card\" content=\"summary_large_image\" \/>\n<script type=\"application\/ld+json\" class=\"yoast-schema-graph\">{\"@context\":\"https:\\\/\\\/schema.org\",\"@graph\":[{\"@type\":\"WebPage\",\"@id\":\"https:\\\/\\\/boldesibol.com\\\/?page_id=164\",\"url\":\"https:\\\/\\\/boldesibol.com\\\/?page_id=164\",\"name\":\"Sobre - Bom da Arte\",\"isPartOf\":{\"@id\":\"https:\\\/\\\/boldesibol.com\\\/#website\"},\"datePublished\":\"2024-10-23T14:38:33+00:00\",\"breadcrumb\":{\"@id\":\"https:\\\/\\\/boldesibol.com\\\/?page_id=164#breadcrumb\"},\"inLanguage\":\"pt-BR\",\"potentialAction\":[{\"@type\":\"ReadAction\",\"target\":[\"https:\\\/\\\/boldesibol.com\\\/?page_id=164\"]}]},{\"@type\":\"BreadcrumbList\",\"@id\":\"https:\\\/\\\/boldesibol.com\\\/?page_id=164#breadcrumb\",\"itemListElement\":[{\"@type\":\"ListItem\",\"position\":1,\"name\":\"Home\",\"item\":\"https:\\\/\\\/boldesibol.com\\\/\"},{\"@type\":\"ListItem\",\"position\":2,\"name\":\"Sobre\"}]},{\"@type\":\"WebSite\",\"@id\":\"https:\\\/\\\/boldesibol.com\\\/#website\",\"url\":\"https:\\\/\\\/boldesibol.com\\\/\",\"name\":\"Bom da Arte\",\"description\":\"Explorando o futuro\",\"potentialAction\":[{\"@type\":\"SearchAction\",\"target\":{\"@type\":\"EntryPoint\",\"urlTemplate\":\"https:\\\/\\\/boldesibol.com\\\/?s={search_term_string}\"},\"query-input\":{\"@type\":\"PropertyValueSpecification\",\"valueRequired\":true,\"valueName\":\"search_term_string\"}}],\"inLanguage\":\"pt-BR\"}]}<\/script>\n<!-- \/ Yoast SEO plugin. -->","yoast_head_json":{"title":"Sobre - Bom da Arte","robots":{"index":"index","follow":"follow","max-snippet":"max-snippet:-1","max-image-preview":"max-image-preview:large","max-video-preview":"max-video-preview:-1"},"canonical":"https:\/\/boldesibol.com\/?page_id=164","og_locale":"pt_BR","og_type":"article","og_title":"Sobre - Bom da Arte","og_description":"Se voc\u00ea tiver alguma d\u00favida sobre o Site, Publicidade e qualquer outro assunto, n\u00e3o hesite em nos contatar, estamos ansiosos para respond\u00ea-lo em nossa p\u00e1gina de contato, trabalhamos 24 horas neste campo e temos experi\u00eancia suficiente para fornecer enviar para BomdaArte.com","og_url":"https:\/\/boldesibol.com\/?page_id=164","og_site_name":"Bom da Arte","twitter_card":"summary_large_image","schema":{"@context":"https:\/\/schema.org","@graph":[{"@type":"WebPage","@id":"https:\/\/boldesibol.com\/?page_id=164","url":"https:\/\/boldesibol.com\/?page_id=164","name":"Sobre - Bom da Arte","isPartOf":{"@id":"https:\/\/boldesibol.com\/#website"},"datePublished":"2024-10-23T14:38:33+00:00","breadcrumb":{"@id":"https:\/\/boldesibol.com\/?page_id=164#breadcrumb"},"inLanguage":"pt-BR","potentialAction":[{"@type":"ReadAction","target":["https:\/\/boldesibol.com\/?page_id=164"]}]},{"@type":"BreadcrumbList","@id":"https:\/\/boldesibol.com\/?page_id=164#breadcrumb","itemListElement":[{"@type":"ListItem","position":1,"name":"Home","item":"https:\/\/boldesibol.com\/"},{"@type":"ListItem","position":2,"name":"Sobre"}]},{"@type":"WebSite","@id":"https:\/\/boldesibol.com\/#website","url":"https:\/\/boldesibol.com\/","name":"Bom da Arte","description":"Explorando o futuro","potentialAction":[{"@type":"SearchAction","target":{"@type":"EntryPoint","urlTemplate":"https:\/\/boldesibol.com\/?s={search_term_string}"},"query-input":{"@type":"PropertyValueSpecification","valueRequired":true,"valueName":"search_term_string"}}],"inLanguage":"pt-BR"}]}},"_links":{"self":[{"href":"https:\/\/boldesibol.com\/index.php?rest_route=\/wp\/v2\/pages\/164","targetHints":{"allow":["GET"]}}],"collection":[{"href":"https:\/\/boldesibol.com\/index.php?rest_route=\/wp\/v2\/pages"}],"about":[{"href":"https:\/\/boldesibol.com\/index.php?rest_route=\/wp\/v2\/types\/page"}],"author":[{"embeddable":true,"href":"https:\/\/boldesibol.com\/index.php?rest_route=\/wp\/v2\/users\/1"}],"replies":[{"embeddable":true,"href":"https:\/\/boldesibol.com\/index.php?rest_route=%2Fwp%2Fv2%2Fcomments&post=164"}],"version-history":[{"count":0,"href":"https:\/\/boldesibol.com\/index.php?rest_route=\/wp\/v2\/pages\/164\/revisions"}],"wp:attachment":[{"href":"https:\/\/boldesibol.com\/index.php?rest_route=%2Fwp%2Fv2%2Fmedia&parent=164"}],"curies":[{"name":"wp","href":"https:\/\/api.w.org\/{rel}","templated":true}]}}